{"id":77,"date":"2015-08-05T14:06:23","date_gmt":"2015-08-05T12:06:23","guid":{"rendered":"http:\/\/www.asommer.de\/en\/?page_id=77"},"modified":"2022-02-08T13:32:13","modified_gmt":"2022-02-08T12:32:13","slug":"links","status":"publish","type":"page","link":"https:\/\/www.asommer.de\/en\/links\/","title":{"rendered":"Links"},"content":{"rendered":"<table border=\"0\" width=\"100%\" cellspacing=\"0\" cellpadding=\"0\" align=\"center\">\n<tbody>\n<tr>\n<td align=\"center\" valign=\"middle\" width=\"50%\">\n<p id=\"phauptext2\" class=\"phauptext2\">Adina Sommer<br \/>\nAntike und zeitgen\u00f6ssische Kunst<\/p>\n<p id=\"phauptext2\" class=\"phauptext2\">Member of the<\/p>\n<p id=\"phauptext2\" class=\"phauptext2\">International<br \/>\nMap Collectors Society<\/p>\n<p id=\"phauptext1\" class=\"phauptext1\"><b><span id=\"phauptext1\" class=\"phauptext1\" style=\"font-size: large;\"><a id=\"phauptext1\" class=\"phauptext1\" href=\"http:\/\/www.imcos.org\">IMCOS<\/a><\/span><\/b><\/p>\n<\/td>\n<td align=\"center\" valign=\"middle\" width=\"50%\"><a href=\"http:\/\/www.imcos.org\" target=\"_blank\" rel=\"noopener\"><img decoding=\"async\" src=\"\/wp-content\/uploads\/2015\/08\/imcos.png\" alt=\"\" border=\"0\" \/><\/a><\/td>\n<\/tr>\n<tr>\n<td align=\"center\" valign=\"middle\" width=\"50%\"><a href=\"https:\/\/www.historymiami.org\/mapfair\/\">Miami Map Fair<\/a><\/td>\n<td align=\"center\" valign=\"middle\" width=\"50%\"><\/td>\n<\/tr>\n<tr>\n<td align=\"center\" valign=\"middle\" width=\"50%\">\n<p id=\"phauptext1\" class=\"phauptext1\"><a id=\"phauptext1\" class=\"phauptext1\" href=\"http:\/\/www.map-fair.com\">Paris Messe<\/a><\/p>\n<\/td>\n<td align=\"center\" valign=\"middle\" width=\"50%\"><\/td>\n<\/tr>\n<tr>\n<td align=\"center\" valign=\"middle\" width=\"50%\">\n<p id=\"phauptext1\" class=\"phauptext1\"><a id=\"phauptext1\" class=\"phauptext1\" href=\"http:\/\/www.antiquare.de\"> Member of the Association of German Antiquarians<\/a><\/p>\n<\/td>\n<td align=\"center\" valign=\"middle\" width=\"50%\"><a href=\"http:\/\/www.antiquare.de\"><img decoding=\"async\" src=\"\/wp-content\/uploads\/2015\/08\/vda.png\" alt=\"\" border=\"0\" \/><\/a><\/td>\n<\/tr>\n<tr>\n<td align=\"center\" valign=\"middle\" width=\"50%\">\n<p id=\"phauptext1\" class=\"phauptext1\"><a id=\"phauptext1\" class=\"phauptext1\" href=\"http:\/\/www.ilab.org\">The association of German antiquaries is member of the ILAB<\/a><\/p>\n<p><a id=\"phauptext1\" class=\"phauptext1\" href=\"http:\/\/www.ilab.org\"> <\/a><a id=\"phauptext1\" class=\"phauptext1\" href=\"http:\/\/www.ilab.org\">Alle sprechen von Networking, im Antiquariatsbuchhandel gelingt es seit \u00fcber 60 Jahren in der International League of Antiquarian Booksellers (ILAB). 2000 Antiquare in 23 Verb\u00fcnden, in 33 L\u00e4ndern der Welt: Die ILAB Antiquare sind professionelle H\u00e4ndler, garantieren hohe Standards, korrekte und transparente Preisfindung, ausf\u00fchrliche Beschreibungen, exakte Recherchen, die Echtheit der Waren und eine sachkundige Beratung. Der Verband Deutscher Antiquare ist Mitglied der ILAB.<\/a><\/td>\n<td align=\"center\" valign=\"middle\" width=\"50%\"><a href=\"http:\/\/www.ilab.org\"><img decoding=\"async\" src=\"\/wp-content\/uploads\/2015\/08\/ilab.png\" alt=\"\" border=\"0\" \/><\/a><\/td>\n<\/tr>\n<\/tbody>\n<\/table>\n","protected":false},"excerpt":{"rendered":"<p>Adina Sommer Antike und zeitgen\u00f6ssische Kunst Member of the International Map Collectors Society IMCOS Miami Map Fair Paris Messe Member of the Association of German Antiquarians The association of German antiquaries is member of the ILAB Alle sprechen von Networking, im Antiquariatsbuchhandel gelingt es seit \u00fcber 60 Jahren in der International League of Antiquarian Booksellers &hellip;<\/p>\n","protected":false},"author":1,"featured_media":0,"parent":0,"menu_order":0,"comment_status":"open","ping_status":"open","template":"","meta":{"_acf_changed":false,"footnotes":""},"class_list":["post-77","page","type-page","status-publish","hentry"],"acf":[],"yoast_head":"<!-- This site is optimized with the Yoast SEO plugin v26.4 - https:\/\/yoast.com\/wordpress\/plugins\/seo\/ -->\n<title>Links - Antique Maps Adina Sommer<\/title>\n<meta name=\"robots\" content=\"noindex, follow\" \/>\n<meta property=\"og:locale\" content=\"en_US\" \/>\n<meta property=\"og:type\" content=\"article\" \/>\n<meta property=\"og:title\" content=\"Links - Antique Maps Adina Sommer\" \/>\n<meta property=\"og:description\" content=\"Adina Sommer Antike und zeitgen\u00f6ssische Kunst Member of the International Map Collectors Society IMCOS Miami Map Fair Paris Messe Member of the Association of German Antiquarians The association of German antiquaries is member of the ILAB Alle sprechen von Networking, im Antiquariatsbuchhandel gelingt es seit \u00fcber 60 Jahren in der International League of Antiquarian Booksellers &hellip;\" \/>\n<meta property=\"og:url\" content=\"https:\/\/www.asommer.de\/en\/links\/\" \/>\n<meta property=\"og:site_name\" content=\"Antique Maps Adina Sommer\" \/>\n<meta property=\"article:modified_time\" content=\"2022-02-08T12:32:13+00:00\" \/>\n<meta name=\"twitter:card\" content=\"summary_large_image\" \/>\n<meta name=\"twitter:label1\" content=\"Est. reading time\" \/>\n\t<meta name=\"twitter:data1\" content=\"1 minute\" \/>\n<script type=\"application\/ld+json\" class=\"yoast-schema-graph\">{\"@context\":\"https:\/\/schema.org\",\"@graph\":[{\"@type\":\"WebPage\",\"@id\":\"https:\/\/www.asommer.de\/en\/links\/\",\"url\":\"https:\/\/www.asommer.de\/en\/links\/\",\"name\":\"Links - Antique Maps Adina Sommer\",\"isPartOf\":{\"@id\":\"https:\/\/www.asommer.de\/en\/#website\"},\"datePublished\":\"2015-08-05T12:06:23+00:00\",\"dateModified\":\"2022-02-08T12:32:13+00:00\",\"breadcrumb\":{\"@id\":\"https:\/\/www.asommer.de\/en\/links\/#breadcrumb\"},\"inLanguage\":\"en-US\",\"potentialAction\":[{\"@type\":\"ReadAction\",\"target\":[\"https:\/\/www.asommer.de\/en\/links\/\"]}]},{\"@type\":\"BreadcrumbList\",\"@id\":\"https:\/\/www.asommer.de\/en\/links\/#breadcrumb\",\"itemListElement\":[{\"@type\":\"ListItem\",\"position\":1,\"name\":\"Home\",\"item\":\"https:\/\/www.asommer.de\/en\/\"},{\"@type\":\"ListItem\",\"position\":2,\"name\":\"Links\"}]},{\"@type\":\"WebSite\",\"@id\":\"https:\/\/www.asommer.de\/en\/#website\",\"url\":\"https:\/\/www.asommer.de\/en\/\",\"name\":\"Antique Maps Adina Sommer\",\"description\":\"Antique and Contemporary Art\",\"publisher\":{\"@id\":\"https:\/\/www.asommer.de\/en\/#organization\"},\"potentialAction\":[{\"@type\":\"SearchAction\",\"target\":{\"@type\":\"EntryPoint\",\"urlTemplate\":\"https:\/\/www.asommer.de\/en\/?s={search_term_string}\"},\"query-input\":{\"@type\":\"PropertyValueSpecification\",\"valueRequired\":true,\"valueName\":\"search_term_string\"}}],\"inLanguage\":\"en-US\"},{\"@type\":\"Organization\",\"@id\":\"https:\/\/www.asommer.de\/en\/#organization\",\"name\":\"Antique Maps Adina Sommer\",\"url\":\"https:\/\/www.asommer.de\/en\/\",\"logo\":{\"@type\":\"ImageObject\",\"inLanguage\":\"en-US\",\"@id\":\"https:\/\/www.asommer.de\/en\/#\/schema\/logo\/image\/\",\"url\":\"https:\/\/www.asommer.de\/en\/wp-content\/uploads\/sites\/6\/2025\/07\/Favicon-Adina-Sommer.png\",\"contentUrl\":\"https:\/\/www.asommer.de\/en\/wp-content\/uploads\/sites\/6\/2025\/07\/Favicon-Adina-Sommer.png\",\"width\":250,\"height\":250,\"caption\":\"Antique Maps Adina Sommer\"},\"image\":{\"@id\":\"https:\/\/www.asommer.de\/en\/#\/schema\/logo\/image\/\"}}]}<\/script>\n<!-- \/ Yoast SEO plugin. -->","yoast_head_json":{"title":"Links - Antique Maps Adina Sommer","robots":{"index":"noindex","follow":"follow"},"og_locale":"en_US","og_type":"article","og_title":"Links - Antique Maps Adina Sommer","og_description":"Adina Sommer Antike und zeitgen\u00f6ssische Kunst Member of the International Map Collectors Society IMCOS Miami Map Fair Paris Messe Member of the Association of German Antiquarians The association of German antiquaries is member of the ILAB Alle sprechen von Networking, im Antiquariatsbuchhandel gelingt es seit \u00fcber 60 Jahren in der International League of Antiquarian Booksellers &hellip;","og_url":"https:\/\/www.asommer.de\/en\/links\/","og_site_name":"Antique Maps Adina Sommer","article_modified_time":"2022-02-08T12:32:13+00:00","twitter_card":"summary_large_image","twitter_misc":{"Est. reading time":"1 minute"},"schema":{"@context":"https:\/\/schema.org","@graph":[{"@type":"WebPage","@id":"https:\/\/www.asommer.de\/en\/links\/","url":"https:\/\/www.asommer.de\/en\/links\/","name":"Links - Antique Maps Adina Sommer","isPartOf":{"@id":"https:\/\/www.asommer.de\/en\/#website"},"datePublished":"2015-08-05T12:06:23+00:00","dateModified":"2022-02-08T12:32:13+00:00","breadcrumb":{"@id":"https:\/\/www.asommer.de\/en\/links\/#breadcrumb"},"inLanguage":"en-US","potentialAction":[{"@type":"ReadAction","target":["https:\/\/www.asommer.de\/en\/links\/"]}]},{"@type":"BreadcrumbList","@id":"https:\/\/www.asommer.de\/en\/links\/#breadcrumb","itemListElement":[{"@type":"ListItem","position":1,"name":"Home","item":"https:\/\/www.asommer.de\/en\/"},{"@type":"ListItem","position":2,"name":"Links"}]},{"@type":"WebSite","@id":"https:\/\/www.asommer.de\/en\/#website","url":"https:\/\/www.asommer.de\/en\/","name":"Antique Maps Adina Sommer","description":"Antique and Contemporary Art","publisher":{"@id":"https:\/\/www.asommer.de\/en\/#organization"},"potentialAction":[{"@type":"SearchAction","target":{"@type":"EntryPoint","urlTemplate":"https:\/\/www.asommer.de\/en\/?s={search_term_string}"},"query-input":{"@type":"PropertyValueSpecification","valueRequired":true,"valueName":"search_term_string"}}],"inLanguage":"en-US"},{"@type":"Organization","@id":"https:\/\/www.asommer.de\/en\/#organization","name":"Antique Maps Adina Sommer","url":"https:\/\/www.asommer.de\/en\/","logo":{"@type":"ImageObject","inLanguage":"en-US","@id":"https:\/\/www.asommer.de\/en\/#\/schema\/logo\/image\/","url":"https:\/\/www.asommer.de\/en\/wp-content\/uploads\/sites\/6\/2025\/07\/Favicon-Adina-Sommer.png","contentUrl":"https:\/\/www.asommer.de\/en\/wp-content\/uploads\/sites\/6\/2025\/07\/Favicon-Adina-Sommer.png","width":250,"height":250,"caption":"Antique Maps Adina Sommer"},"image":{"@id":"https:\/\/www.asommer.de\/en\/#\/schema\/logo\/image\/"}}]}},"_links":{"self":[{"href":"https:\/\/www.asommer.de\/en\/wp-json\/wp\/v2\/pages\/77","targetHints":{"allow":["GET"]}}],"collection":[{"href":"https:\/\/www.asommer.de\/en\/wp-json\/wp\/v2\/pages"}],"about":[{"href":"https:\/\/www.asommer.de\/en\/wp-json\/wp\/v2\/types\/page"}],"author":[{"embeddable":true,"href":"https:\/\/www.asommer.de\/en\/wp-json\/wp\/v2\/users\/1"}],"replies":[{"embeddable":true,"href":"https:\/\/www.asommer.de\/en\/wp-json\/wp\/v2\/comments?post=77"}],"version-history":[{"count":10,"href":"https:\/\/www.asommer.de\/en\/wp-json\/wp\/v2\/pages\/77\/revisions"}],"predecessor-version":[{"id":552670,"href":"https:\/\/www.asommer.de\/en\/wp-json\/wp\/v2\/pages\/77\/revisions\/552670"}],"wp:attachment":[{"href":"https:\/\/www.asommer.de\/en\/wp-json\/wp\/v2\/media?parent=77"}],"curies":[{"name":"wp","href":"https:\/\/api.w.org\/{rel}","templated":true}]}}